{"id":27,"date":"2015-04-02T23:00:40","date_gmt":"2015-04-02T23:00:40","guid":{"rendered":"?page_id=27"},"modified":"2015-04-21T19:31:47","modified_gmt":"2015-04-21T22:31:47","slug":"quienes-somos","status":"publish","type":"page","link":"http:\/\/www.escorex.com.ar\/?page_id=27","title":{"rendered":"Quienes somos"},"content":{"rendered":"<h2>QUIENES SOMOS<\/h2>\n<p style=\"text-align: justify;\"><span class=\"dropcap2\">S<\/span>omos una empresa familiar con m\u00e1s de 30 a\u00f1os en el mercado y dos generaciones dentro de ella, con una amplia trayectoria basada en la seriedad, la responsabilidad y el compromiso con nuestros clientes, con el prop\u00f3sito de brindar soluciones integrales en un contexto cada vez m\u00e1s complejo. Desde nuestros comienzos hasta el presente, hemos ido incorporando una amplia gama de servicios adapt\u00e1ndonos a las demandas del mundo de hoy, puestos a disposici\u00f3n de nuestros clientes. La firma Escorex, se ha constituido en un Estudio de Comercio Integral, que adem\u00e1s de ofrecer el servicio de Despachante de Aduana, se involucra en todas las fases del comercio exterior, brindando soluciones pr\u00e1cticas y eficientes para la optimizaci\u00f3n de los recursos de las empresas para las cuales trabaja. Para ello contamos con un equipo de profesionales altamente calificados, que permanecen siempre a la vanguardia de las exigencias del mundo din\u00e1mico en el cual operamos, interiorizados respecto a las \u00faltimas normativas y regulaciones existentes.<\/p>\n<p style=\"text-align: justify;\">Nuestra <strong>Visi\u00f3n<\/strong> es continuar siendo una empresa l\u00edder, con un portfolio de servicios que abastezca las necesidades integrales de nuestros clientes en el \u00e1mbito nacional e internacional y cooperar para que ellos puedan alcanzar una alta eficiencia operativa en todo el proceso comercial.<\/p>\n<p style=\"text-align: justify;\">Tenemos como <strong>Misi\u00f3n<\/strong> ser una empresa de log\u00edstica integrada, satisfaciendo totalmente las necesidades tanto del comercio exterior, como en el transporte, la distribuci\u00f3n y el almacenaje interno, ofreciendo servicios de calidad, orientados a maximizar el negocio de nuestros clientes.<\/p>\n<p style=\"text-align: justify;\">Nuestro proceder est\u00e1 basado en los siguientes <strong>valores<\/strong>:<\/p>\n<p style=\"text-align: justify;\">\u2022 Responsabilidad: Nos comprometemos personalmente en la labor diaria, esto hace que nuestra respuesta, dada por profesionales propios o externos, elegidos minuciosamente, den como resultado una respuesta garantizada en tiempo y forma.<\/p>\n<p style=\"text-align: justify;\">\u2022 Excelencia: Partiendo de la vasta experiencia de a\u00f1os buscamos constantemente la plena eficiencia, pensando siempre en que el cliente encuentre en nosotros la mejor relaci\u00f3n costo \/ beneficio.<\/p>\n<p style=\"text-align: justify;\">\u2022 Honestidad y Compromiso: Respetamos los acuerdos realizados valorando siempre la palabra y la sinceridad en las relaciones.<\/p>\n<p style=\"text-align: justify;\">\u2022 Personal Altamente Calificado: La capacitaci\u00f3n y actualizaci\u00f3n permanente de nuestro personal, asegura la eficacia, la eficiencia y la calidad de nuestra labor.<\/p>\n<p style=\"text-align: justify;\">\u2022 Atenci\u00f3n al Cliente: Constituimos un equipo que prioriza el trato y la relaci\u00f3n humana con nuestros clientes internos y externos, entendiendo que se trata de un pilar fundamental para alcanzar el \u00e9xito.<\/p>\n<p style=\"text-align: justify;\">\u2022 Capacidad de respuesta inmediata: Contamos con los recursos, tanto t\u00e9cnicos como humanos \u2013 fuera y dentro de la estructura de Escorex \u2013 para dar respuesta inmediata a los imprevistos e imponderables que pueden surgir durante el proceso.<\/p>\n<p style=\"text-align: justify;\"><a href=\"http:\/\/www.escorex.com.ar\/wp-content\/uploads\/camiones.jpg\"><img loading=\"lazy\" decoding=\"async\" class=\" size-medium wp-image-205 aligncenter\" src=\"http:\/\/www.escorex.com.ar\/wp-content\/uploads\/camiones-300x300.jpg\" alt=\"camiones\" width=\"300\" height=\"300\" srcset=\"http:\/\/www.escorex.com.ar\/wp-content\/uploads\/camiones-300x300.jpg 300w, http:\/\/www.escorex.com.ar\/wp-content\/uploads\/camiones-150x150.jpg 150w, http:\/\/www.escorex.com.ar\/wp-content\/uploads\/camiones-42x43.jpg 42w, http:\/\/www.escorex.com.ar\/wp-content\/uploads\/camiones.jpg 600w\" sizes=\"auto, (max-width: 300px) 100vw, 300px\" \/><\/a><\/p>\n","protected":false},"excerpt":{"rendered":"<p>QUIENES SOMOS Somos una empresa familiar con m\u00e1s de 30 a\u00f1os en el mercado y dos generaciones dentro de ella, con una amplia trayectoria basada en la seriedad, la responsabilidad y el compromiso con nuestros clientes, con el prop\u00f3sito de brindar soluciones integrales en un contexto cada vez m\u00e1s complejo. Desde nuestros comienzos hasta el [&hellip;]<\/p>\n","protected":false},"author":1,"featured_media":0,"parent":0,"menu_order":0,"comment_status":"closed","ping_status":"closed","template":"","meta":{"footnotes":""},"class_list":["post-27","page","type-page","status-publish","hentry"],"_links":{"self":[{"href":"http:\/\/www.escorex.com.ar\/index.php?rest_route=\/wp\/v2\/pages\/27","targetHints":{"allow":["GET"]}}],"collection":[{"href":"http:\/\/www.escorex.com.ar\/index.php?rest_route=\/wp\/v2\/pages"}],"about":[{"href":"http:\/\/www.escorex.com.ar\/index.php?rest_route=\/wp\/v2\/types\/page"}],"author":[{"embeddable":true,"href":"http:\/\/www.escorex.com.ar\/index.php?rest_route=\/wp\/v2\/users\/1"}],"replies":[{"embeddable":true,"href":"http:\/\/www.escorex.com.ar\/index.php?rest_route=%2Fwp%2Fv2%2Fcomments&post=27"}],"version-history":[{"count":12,"href":"http:\/\/www.escorex.com.ar\/index.php?rest_route=\/wp\/v2\/pages\/27\/revisions"}],"predecessor-version":[{"id":229,"href":"http:\/\/www.escorex.com.ar\/index.php?rest_route=\/wp\/v2\/pages\/27\/revisions\/229"}],"wp:attachment":[{"href":"http:\/\/www.escorex.com.ar\/index.php?rest_route=%2Fwp%2Fv2%2Fmedia&parent=27"}],"curies":[{"name":"wp","href":"https:\/\/api.w.org\/{rel}","templated":true}]}}