{"id":97,"date":"2015-04-03T10:58:11","date_gmt":"2015-04-03T13:58:11","guid":{"rendered":"?page_id=97"},"modified":"2015-04-21T19:18:14","modified_gmt":"2015-04-21T22:18:14","slug":"depto-de-comercio-exterior","status":"publish","type":"page","link":"http:\/\/www.escorex.com.ar\/?page_id=97","title":{"rendered":"Comercio Exterior"},"content":{"rendered":"<h2>DEPARTAMENTO DE COMERCIO EXTERIOR<\/h2>\n<p style=\"text-align: justify;\"><span class=\"dropcap2\">N<\/span>uestro plantel profesional tambi\u00e9n trabaja en la asesor\u00eda, consultor\u00eda y monitoreo de pymes interesadas en comenzar su desarrollo exportador o para aquellas empresas que espor\u00e1dicamente lo est\u00e1n haciendo pero no cuentan con el tiempo o los recursos necesarios que requiere el trabajo de internacionalizar un producto o servicio.<\/p>\n<p style=\"text-align: justify;\">Para estos casos, solemos realizar un diagn\u00f3stico del estado en que se encuentra la compa\u00f1\u00eda y en funci\u00f3n de ello diagramar un plan estrat\u00e9gico integral a mediano plazo para la concreci\u00f3n de los objetivos. Teniendo en cuenta el dinamismo que posee el mundo del comex, el cliente puede solicitar que durante las diversas fases del proceso, un t\u00e9cnico de nuestro equipo monitoree las acciones seleccionadas y realice un seguimiento permanente y\/o hasta inclusive tercerizarnos toda la tarea.<br \/>\nLa amplia base de contactos que poseemos tanto a nivel nacional como internacional, sumado al know how de nuestro personal, nos permite realizar este trabajo de manera eficaz.<\/p>\n<p style=\"text-align: justify;\">Dentro de este departamento, y teniendo en cuenta las diversas empresas a las que asesoramos, existe la posibilidad de incorporar a su compa\u00f1\u00eda en alguno de los Consorcios Exportadores que a lo largo de los a\u00f1os fuimos conformando.<\/p>\n<p style=\"text-align: justify;\"><a href=\"http:\/\/www.escorex.com.ar\/wp-content\/uploads\/estrechar-manos.jpg\"><img loading=\"lazy\" decoding=\"async\" class=\"  wp-image-206 aligncenter\" src=\"http:\/\/www.escorex.com.ar\/wp-content\/uploads\/estrechar-manos-300x90.jpg\" alt=\"estrechar manos\" width=\"367\" height=\"110\" srcset=\"http:\/\/www.escorex.com.ar\/wp-content\/uploads\/estrechar-manos-300x90.jpg 300w, http:\/\/www.escorex.com.ar\/wp-content\/uploads\/estrechar-manos.jpg 650w\" sizes=\"auto, (max-width: 367px) 100vw, 367px\" \/><\/a><\/p>\n","protected":false},"excerpt":{"rendered":"<p>DEPARTAMENTO DE COMERCIO EXTERIOR Nuestro plantel profesional tambi\u00e9n trabaja en la asesor\u00eda, consultor\u00eda y monitoreo de pymes interesadas en comenzar su desarrollo exportador o para aquellas empresas que espor\u00e1dicamente lo est\u00e1n haciendo pero no cuentan con el tiempo o los recursos necesarios que requiere el trabajo de internacionalizar un producto o servicio. Para estos casos, [&hellip;]<\/p>\n","protected":false},"author":1,"featured_media":0,"parent":0,"menu_order":0,"comment_status":"closed","ping_status":"closed","template":"","meta":{"footnotes":""},"class_list":["post-97","page","type-page","status-publish","hentry"],"_links":{"self":[{"href":"http:\/\/www.escorex.com.ar\/index.php?rest_route=\/wp\/v2\/pages\/97","targetHints":{"allow":["GET"]}}],"collection":[{"href":"http:\/\/www.escorex.com.ar\/index.php?rest_route=\/wp\/v2\/pages"}],"about":[{"href":"http:\/\/www.escorex.com.ar\/index.php?rest_route=\/wp\/v2\/types\/page"}],"author":[{"embeddable":true,"href":"http:\/\/www.escorex.com.ar\/index.php?rest_route=\/wp\/v2\/users\/1"}],"replies":[{"embeddable":true,"href":"http:\/\/www.escorex.com.ar\/index.php?rest_route=%2Fwp%2Fv2%2Fcomments&post=97"}],"version-history":[{"count":9,"href":"http:\/\/www.escorex.com.ar\/index.php?rest_route=\/wp\/v2\/pages\/97\/revisions"}],"predecessor-version":[{"id":225,"href":"http:\/\/www.escorex.com.ar\/index.php?rest_route=\/wp\/v2\/pages\/97\/revisions\/225"}],"wp:attachment":[{"href":"http:\/\/www.escorex.com.ar\/index.php?rest_route=%2Fwp%2Fv2%2Fmedia&parent=97"}],"curies":[{"name":"wp","href":"https:\/\/api.w.org\/{rel}","templated":true}]}}